{"id":177,"date":"2025-02-11T16:00:04","date_gmt":"2025-02-11T15:00:04","guid":{"rendered":"https:\/\/buyingsolution.eu\/landing-page\/"},"modified":"2026-03-05T14:49:51","modified_gmt":"2026-03-05T13:49:51","slug":"landing-page","status":"publish","type":"page","link":"https:\/\/buyingsolution.eu\/en\/landing-page\/","title":{"rendered":"Provendor: The Buying Solution"},"content":{"rendered":"\n\n\t<a href=\"https:\/\/www.linkedin.com\/company\/provendor-gmbh\/\" target=\"_blank\" rel=\"noopener\">\n    <img decoding=\"async\" src=\"https:\/\/buyingsolution.eu\/wp-content\/uploads\/2025\/02\/Landingpage-Lieferantenreduzierung-21-e1739288223574.png\" alt=\"LinkedIn\" title=\"\">\n    Besuche uns auf LinkedIn\n<\/a>\n\t<h2><strong>Optimiere deine Lieferkette: Reduziere Lieferanten und senke noch heute deine Kosten!<\/strong><\/h2>\n\t<p>Entdecke, wie du Kosten sparen und deine Beschaffungsprozesse beschleunigen kannst, w\u00e4hrend du die volle Kontrolle \u00fcber deine Lieferkette mit Provendor durch eine effektive Lieferantenreduzierung beh\u00e4ltst.\u00a0<\/p>\n\t\t\t<a href=\"https:\/\/calendly.com\/stefan-knorsch\" target=\"_blank\" rel=\"noopener\">\n\t\t\t\t\t\t\tStarte jetzt!\n\t\t\t\t\t<\/a>\n<h2>\n\t\t\tEffizientere Beschaffung, weniger Lieferanten\t<\/h2>\n\t<h4><strong>Vermeidung von Lieferanten Neuanlagen<\/strong><br \/>\n<em>Wir managen deine Lieferanten<\/em><\/h4>\n<p>Die aufwendige Neuanlage und Verwaltung von Lieferanten entf\u00e4llt f\u00fcr dich. Du erh\u00e4ltst Waren und Dienstleistungen schnell und unkompliziert &#8211; wir \u00fcbernehmen den gesamten Prozess.<\/p>\n\t<h4><strong data-start=\"126\" data-end=\"158\">Flexibilit\u00e4t &amp; Schnelligkeit<\/strong><\/h4>\n<h4><em>Schnelle Beschaffung &#8211; flexibel auf Marktver\u00e4nderungen reagieren<\/em><\/h4>\n<p>Produkte und Dienstleistungen &#8211; schnell und zuverl\u00e4ssig bereitgestellt. So bleibst du wettbewerbsf\u00e4hig und kannst flexibel auf Marktver\u00e4nderungen reagieren.<\/p>\n\t<h4><strong>Zeit- und Kostenreduktion<\/strong><br \/>\n<em data-start=\"85\" data-end=\"120\">Weniger Aufwand, geringere Kosten<\/em><\/h4>\n<p>Die Verwaltung neuer Lieferanten bindet Ressourcen in Einkauf, Buchhaltung und Wareneingang. Mit Provendor reduzierst du diesen Aufwand erheblich &#8211; mehr Effizienz, weniger Kosten.<\/p>\n\t<h4><strong data-start=\"200\" data-end=\"221\">Risikominimierung<\/strong><\/h4>\n<h4><em>Sichere Gesch\u00e4ftsbeziehungen &#8211; gepr\u00fcfte Lieferanten f\u00fcr mehr Stabilit\u00e4t<\/em><\/h4>\n<p>Wir \u00fcbernehmen die gesamte Kommunikation und Verhandlung mit Lieferanten. Du profitierst von unserer Erfahrung und minimierst Risiken durch neue Gesch\u00e4ftsbeziehungen.<\/p>\n<h2>\n\t\t\tEffizientes Management von Lieferanten\t<\/h2>\n\t<p>Kosten senken &amp; Prozesse optimieren<\/p>\n\t\t<h3>Dein Problem<\/h3>\t\n\t\t<h3>Zu viele Lieferanten<\/h3><p>Hohe Kosten und langsame Verwaltungsprozesse.<\/p>\n\t\t<h3>Aufwendige Lieferantenanlage<\/h3><p>Die Aufnahme neuer Lieferanten dauert zu lange und kostet viel Geld.<\/p>\n\t\t<h3>Betriebsrisiken<\/h3><p>Unkontrollierte Lieferanten f\u00fchren zu Unterbrechungen und Qualit\u00e4tsproblemen.<\/p>\n\t\t<h3>Unsere L\u00f6sung<\/h3>\t\n\t\t<h3>Ein-Kreditorenmodell<\/h3><p>Nur noch ein Lieferant f\u00fcr den Tail Spend.<\/p>\n\t\t<h3>Automatisierung<\/h3><p>Neue Lieferanten werden einfach und schnell in unserem ERP angelegt und durch Provendor verwaltet.<\/p>\n\t\t<h3>Kosten- und Risikominderung<\/h3><p>Keine Verz\u00f6gerungen, keine versteckten Kosten.<\/p>\n\t\t\t<a href=\"https:\/\/calendly.com\/stefan-knorsch\" target=\"_blank\" rel=\"noopener\">\n\t\t\t\t\t\t\tTermin buchen\n\t\t\t\t\t<\/a>\n<h2>\n\t\t\tDas Ein-Kreditor Modell f\u00fcr Ihre Beschaffung\t<\/h2>\n\t\t\t\t<img decoding=\"async\" src=\"https:\/\/buyingsolution.eu\/wp-content\/uploads\/2025\/04\/One-Credit-Model---powered-by-Provendor-4-1.png\" alt=\"One Credit Model - powered by Provendor (4)\" itemprop=\"image\" height=\"621\" width=\"1920\" title=\"One Credit Model - powered by Provendor (4)\" onerror=\"this.style.display='none'\" loading='lazy' \/>\n\t<h3>Viele Lieferanten &amp; nur ein zentraler Ansprechpartner!<\/h3>\n<h2>\n\t\t\tDeine Vorteile auf einen Blick &#8211; Weniger Lieferanten, mehr Effizienz\t<\/h2>\n\t\t<meta itemprop=\"url\" content=\"https:\/\/buyingsolution.eu\/wp-content\/uploads\/2025\/02\/Single-Sourcing-langsam.mp4\" \/><div style=\"width: 640px;\" class=\"wp-video\"><video class=\"wp-video-shortcode\" id=\"video-177-1\" width=\"640\" height=\"360\" preload=\"metadata\" controls=\"controls\"><source type=\"video\/mp4\" src=\"https:\/\/buyingsolution.eu\/wp-content\/uploads\/2025\/02\/Single-Sourcing-langsam.mp4?_=1\" \/><source type=\"video\/mp4\" src=\"https:\/\/buyingsolution.eu\/wp-content\/uploads\/2025\/02\/Single-Sourcing-langsam.mp4?_=1\" \/><a href=\"https:\/\/buyingsolution.eu\/wp-content\/uploads\/2025\/02\/Single-Sourcing-langsam.mp4\">https:\/\/buyingsolution.eu\/wp-content\/uploads\/2025\/02\/Single-Sourcing-langsam.mp4<\/a><\/video><\/div>\t\n\t<h4><strong><a href=\"https:\/\/provendor.de\/leistungen\/lieferantenreduzierung\/\" target=\"_blank\" rel=\"noopener\">Lieferantenreduzierung<\/a>: Effizienz steigern und Kosten <\/strong>senken<\/h4>\n<h4>Die <strong>Reduzierung von Lieferanten<\/strong> steigert die <strong>Effizienz<\/strong> und senkt die <strong>Kosten<\/strong> erheblich. Weniger Lieferanten bedeuten:<\/h4>\n<ul>\n<li>\n<h4><strong>Verringerter Verwaltungsaufwand<\/strong>: Weniger Kontakte erleichtern das Management.<\/h4>\n<\/li>\n<\/ul>\n<ul>\n<li>\n<h4><strong>Schnellere Prozesse<\/strong>: Effiziente Abl\u00e4ufe durch vereinfachte Kommunikation.<\/h4>\n<\/li>\n<li>\n<h4><strong>Verbesserte Kommunikation<\/strong>: Klare Ansprechpartner f\u00f6rdern den Informationsfluss.<\/h4>\n<\/li>\n<\/ul>\n<h4>Zudem profitieren Unternehmen von Mengenrabatten und einer <strong>optimierten Kontrolle<\/strong> \u00fcber die Lieferkette. Dies f\u00fchrt zu mehr <strong>Transparenz<\/strong> und <strong>Stabilit\u00e4t<\/strong> in der gesamten Lieferkette.<\/h4>\n<h2>\n\t\t\tUnser Prozess &#8211; einfach &#038; effizienz\t<\/h2>\n\t\t\t\t<img decoding=\"async\" src=\"https:\/\/buyingsolution.eu\/wp-content\/uploads\/2025\/04\/Logistikprozesse-1.png\" alt=\"Logistikprozesse\" itemprop=\"image\" height=\"709\" width=\"1366\" title=\"Logistikprozesse\" onerror=\"this.style.display='none'\" loading='lazy' \/>\n<h2>\n\t\t\tEffizientere Lieferkette? Wir machen&#8217;s m\u00f6glich\t<\/h2>\n\t\t<h3>Weniger ist mehr<\/h3><p>Weniger Lieferanten f\u00fcr mehr Kontrolle und Effizienz in jedem Schritt.<\/p>\n\t\t<h3>Dein Erfolg ist unser Ziel<\/h3><p>Wir verwandeln deine Lieferkette in einen entscheidenden Wettbewerbsvorteil.<\/p>\n\t\t<h3>Vertrauen, das bewegt<\/h3><p>Wir liefern Ergebnisse, die dein Unternehmen voranbringen.<\/p>\n\t\t\t<a href=\"https:\/\/calendly.com\/stefan-knorsch\" target=\"_blank\" rel=\"noopener\">\n\t\t\t\t\t\t\tTermin buchen\n\t\t\t\t\t<\/a>\n<h2>\n\t\t\tFAQs\t<\/h2>\n\t\t\t\t\t<a href=\"#\"  id=\"fl-accordion--label-0\" tabindex=\"0\" aria-controls=\"fl-accordion--panel-0\">Welche Marktpl\u00e4tze kann ich \u00fcber Provendor nutzen?<\/a>\n\t\t\t\t\t\t\t\t\t\t\t<a href=\"#\" id=\"fl-accordion--icon-0\"  tabindex=\"0\"><i title=\"Expand\">Expand<\/i><\/a>\n\t\t\t\t\t<p>\u00dcber <a href=\"https:\/\/provendor.de\/\" target=\"_blank\" rel=\"noopener\">Provendor<\/a> erh\u00e4ltst du Zugang zu einer Vielzahl gro\u00dfer Marktpl\u00e4tze, darunter <strong>Amazon<\/strong>, <strong>eBay<\/strong>, <strong>Alibaba<\/strong> und viele weitere. Diese Plattformen bieten dir eine riesige Auswahl an <strong>Lieferanten<\/strong> und <strong>Produkten<\/strong>, sodass du die besten <strong>Angebote<\/strong> und <strong>Konditionen<\/strong> f\u00fcr dein Unternehmen finden kannst.<\/p>\n<p>Nutze die M\u00f6glichkeiten, die dir diese Marktpl\u00e4tze bieten, um deine <strong>Einkaufsprozesse<\/strong> zu optimieren und einfach und effizient die besten Partner zu finden. Entdecke die Vorteile von Provendor und erweitere deine Gesch\u00e4ftsm\u00f6glichkeiten.<\/p>\n<p>\u00a0<\/p>\n\t\t\t\t\t<a href=\"#\"  id=\"fl-accordion--label-1\" tabindex=\"0\" aria-controls=\"fl-accordion--panel-1\">Welche Zahlungsmethoden unterst\u00fctzt Provendor?<\/a>\n\t\t\t\t\t\t\t\t\t\t\t<a href=\"#\" id=\"fl-accordion--icon-1\"  tabindex=\"0\"><i title=\"Expand\">Expand<\/i><\/a>\n\t\t\t\t\t<p>Wir k\u00f6nnen viele verschiedene Zahlungsmethoden, wie <strong>Kreditkarte<\/strong> und <strong>PayPal<\/strong> nutzen. Du als Kunde erh\u00e4ltst von uns eine Rechnung und zahlst zum vereinbarten Zahlungsziel per Bank\u00fcberweisung.<\/p>\n\t\t\t\t\t<a href=\"#\"  id=\"fl-accordion--label-2\" tabindex=\"0\" aria-controls=\"fl-accordion--panel-2\">Wie funktioniert Mystery Buying bei Provendor?<\/a>\n\t\t\t\t\t\t\t\t\t\t\t<a href=\"#\" id=\"fl-accordion--icon-2\"  tabindex=\"0\"><i title=\"Expand\">Expand<\/i><\/a>\n\t\t\t\t\t<p>Mit <a href=\"https:\/\/provendor.de\/leistungen\/mystery-buying\/\" target=\"_blank\" rel=\"noopener\">Mystery Buying<\/a> bieten wir eine vertrauliche <a href=\"https:\/\/provendor.de\/leistungen\/beschaffungsdienstleistungen\/\" target=\"_blank\" rel=\"noopener\">Beschaffungsl\u00f6sung<\/a>. Der Kunde bleibt <strong>anonym<\/strong>, und wir behandeln deine Anfragen diskret. Dadurch kannst du auch mit Lieferanten interagieren, bei denen du m\u00f6glicherweise gesperrt bist. Deine <strong>sensiblen Daten<\/strong> und Bed\u00fcrfnisse werden dabei stets <strong>gesch\u00fctzt<\/strong>.<\/p>\n\t\t\t\t\t<a href=\"#\"  id=\"fl-accordion--label-3\" tabindex=\"0\" aria-controls=\"fl-accordion--panel-3\">Kann Provendor spezielle Anforderungen oder personalisierte Bestellungen verwalten?<\/a>\n\t\t\t\t\t\t\t\t\t\t\t<a href=\"#\" id=\"fl-accordion--icon-3\"  tabindex=\"0\"><i title=\"Expand\">Expand<\/i><\/a>\n\t\t\t\t\t<p>Ja, Provendor bietet ma\u00dfgeschneiderte L\u00f6sungen f\u00fcr die Verwaltung spezieller Anforderungen und personalisierter Bestellungen, um den individuellen Bed\u00fcrfnissen jedes Kunden gerecht zu werden.<\/p>\n\t\t\t\t\t<a href=\"#\"  id=\"fl-accordion--label-4\" tabindex=\"0\" aria-controls=\"fl-accordion--panel-4\">Wie kann Provendor zur Reduzierung der Lieferantenanzahl beitragen?<\/a>\n\t\t\t\t\t\t\t\t\t\t\t<a href=\"#\" id=\"fl-accordion--icon-4\"  tabindex=\"0\"><i title=\"Expand\">Expand<\/i><\/a>\n\t\t\t\t\t<p>Provendor unterst\u00fctzt Unternehmen bei der Konsolidierung der <strong>Lieferantenbasis<\/strong>, um die Komplexit\u00e4t der Beschaffung zu verringern, <strong>Prozesse zu optimieren<\/strong> und Kosten nachhaltig zu senken.<\/p>\n\t<h2>Deine Anforderungen im Einkauf &#8211; wir liefern die L\u00f6sung!<\/h2>\n<form>\n\t<input type=\"hidden\" name=\"fl-layout-id\" value=\"12\" \/>\n    \t\t<label for=\"pp-name-\">Name<\/label>\n    \t\tBitte gib Deinen Namen ein.\n    \t\t<input type=\"text\" name=\"pp-name\" id=\"pp-name-\" value=\"\" placeholder=\"Name\"  \/>\n    \t\t<label for=\"pp-email-\">Email<\/label>\n    \t\tBitte gib eine valide E-Mail Adresse an.\n    \t\t<input type=\"email\" name=\"pp-email\" id=\"pp-email-\" value=\"\" placeholder=\"Email\"  \/>\n    \t\t<label for=\"pp-message-\">Nachricht<\/label>\n    \t\tPlease type your message.\n    \t\t<textarea name=\"pp-message\" id=\"pp-message-\" placeholder=\"Nachricht\"><\/textarea>\n\t\t\t<p>Please check the captcha to verify you are not a robot.<\/p>\n    \t<a href=\"#\" target=\"_self\" role=\"button\">\n    \t\t    \t\t    \t\tKontaktiere uns\n    \t\t    \t<\/a>\n\t\t\tVersand fehlgeschlagen. Bitte versuche es noch einmal.\n<\/form>\n  <p>Vielen Dank f\u00fcr Deine Nachricht! Wir werden uns bald bei Dir melden.<\/p>\n\t<p>Tel. <a href=\"tel:+498651974880\">+49 (0) 8651 974880<\/a><\/p>\n<p><a href=\"mailto:stealthmail@sm453d43be4316.com\">stealthmail@sm453d43be4316.com<\/a><\/p>\n<p>&nbsp;<\/p>\n<p>&nbsp;<\/p>\n<p>Liebigstra\u00dfe 2<\/p>\n<p>DE &#8211; 83435 Bad Reichenhall<\/p>\n<p><a href=\"https:\/\/provendor.de\/\" target=\"_blank\" rel=\"noopener\">www.provendor.de<\/a><\/p>\n\n","protected":false},"excerpt":{"rendered":"<p>Besuche uns auf LinkedIn Optimiere deine Lieferkette: Reduziere Lieferanten und senke noch heute deine Kosten! Entdecke, wie du Kosten sparen und deine Beschaffungsprozesse beschleunigen kannst, w\u00e4hrend du die volle Kontrolle \u00fcber deine Lieferkette mit Provendor durch eine effektive Lieferantenreduzierung beh\u00e4ltst.\u00a0 Starte jetzt! Effizientere Beschaffung, weniger Lieferanten Vermeidung von Lieferanten Neuanlagen Wir managen deine Lieferanten Die&hellip;<\/p>\n","protected":false},"author":2,"featured_media":0,"parent":0,"menu_order":0,"comment_status":"closed","ping_status":"closed","template":"","meta":{"footnotes":""},"class_list":["post-177","page","type-page","status-publish","hentry"],"_links":{"self":[{"href":"https:\/\/buyingsolution.eu\/en\/wp-json\/wp\/v2\/pages\/177","targetHints":{"allow":["GET"]}}],"collection":[{"href":"https:\/\/buyingsolution.eu\/en\/wp-json\/wp\/v2\/pages"}],"about":[{"href":"https:\/\/buyingsolution.eu\/en\/wp-json\/wp\/v2\/types\/page"}],"author":[{"embeddable":true,"href":"https:\/\/buyingsolution.eu\/en\/wp-json\/wp\/v2\/users\/2"}],"replies":[{"embeddable":true,"href":"https:\/\/buyingsolution.eu\/en\/wp-json\/wp\/v2\/comments?post=177"}],"version-history":[{"count":10,"href":"https:\/\/buyingsolution.eu\/en\/wp-json\/wp\/v2\/pages\/177\/revisions"}],"predecessor-version":[{"id":356,"href":"https:\/\/buyingsolution.eu\/en\/wp-json\/wp\/v2\/pages\/177\/revisions\/356"}],"wp:attachment":[{"href":"https:\/\/buyingsolution.eu\/en\/wp-json\/wp\/v2\/media?parent=177"}],"curies":[{"name":"wp","href":"https:\/\/api.w.org\/{rel}","templated":true}]}}